{"id":108,"date":"2026-05-14T22:28:23","date_gmt":"2026-05-14T22:28:23","guid":{"rendered":"https:\/\/mv-aldekerk.de\/?page_id=108"},"modified":"2026-05-15T12:01:26","modified_gmt":"2026-05-15T12:01:26","slug":"von-abba-bis-humpa","status":"publish","type":"page","link":"https:\/\/mv-aldekerk.de\/?page_id=108","title":{"rendered":"von ABBA bis HUMPA"},"content":{"rendered":"\n<h1 class=\"wp-block-heading has-text-align-center has-text-color has-link-color wp-elements-bf719dfc0798f2dbb26b76b2476b5212\" id=\"Jubil\u00e4umsfest\" style=\"color:#6f1225\">unser Jubil\u00e4umsfest am 05. September 2026<\/h1>\n\n\n\n<p class=\"has-text-align-center\">Komm einfach ab 13:00 Uhr zum Jugendzeltplatz Eyller See und genie\u00dfe mit uns einen entspannten Tag voller Blasmusik.<\/p>\n\n\n\n<p class=\"has-text-align-center\">Geplant ist, dass wir in 3 Bl\u00f6cken spielen, beginnend ab ca.15:00 Uhr. Die weiteren Zeiten werden nach jedem Block mitgeteilt.<\/p>\n\n\n\n<p class=\"has-text-align-center\">Damit du bestens vorbereitet bist, haben wir hier die wichtigsten Infos f\u00fcr dich zusammengestellt:<\/p>\n\n\n\n<p class=\"has-text-align-center\"><strong>St\u00fccke und Ablauf:<\/strong><br>F\u00fcr das gemeinsame Musizieren sind folgende St\u00fccke vorgesehen:<\/p>\n\n\n\n<ul class=\"wp-block-list\">\n<li>Mit Sang und Klang \u2013 Johann Brussig<\/li>\n\n\n\n<li>Holiday \u2013 Willi Lange<\/li>\n\n\n\n<li>Gr\u00fc\u00dfe aus dem Egerland \u2013 Leopold Wenzl<\/li>\n\n\n\n<li>Dem Land Tirol die Treue \u2013 Florian Pedarnig<\/li>\n\n\n\n<li>Fuchsgraben (Polka) \u2013 Karel Vacek, Bearb. Gerald Weinkopf<\/li>\n\n\n\n<li>Prinzessin \u2013 Frederik Lubitz, Bearb. Bernd Classen<\/li>\n\n\n\n<li>Wir sind Wir \u2013 Peter Leitner<\/li>\n\n\n\n<li>Auf der Vogelwiese \u2013 Josef Ponka, Bearb. Jaroslav Ondra, Verlag: Rundel<\/li>\n\n\n\n<li>Sweet Caroline \u2013 Neil Diamond, Bearb. Enzo da Rold, Mosch Musikverlag<\/li>\n\n\n\n<li>B\u00f6hmischer Traum \u2013 Norbert G\u00e4lle, Bearb. Siegfried Rundel, Verlag: Rundel<\/li>\n\n\n\n<li>Kannst du Kn\u00f6del kochen \u2013 Karel Vacek, Bearb. Gerald Weinkopf<\/li>\n\n\n\n<li>ABBA Gold \u2013 Ron Sebregts, Verlag: de Haske<\/li>\n\n\n\n<li>In Harmonie vereint \u2013 Bearb. Siegfried Rundel, Verlag: Rundel<\/li>\n\n\n\n<li>Heute und Morgen \u2013 Hans Blank, Verlag: Rundel<\/li>\n\n\n\n<li>Mars der Medici \u2013 Joh. Wichers<\/li>\n\n\n\n<li>Tage wie diese \u2013 von Holst, Bearb. Martin Scharnagl, Verlag: Rundel<\/li>\n\n\n\n<li>Steigermarsch \u2013 Tradition, Bearb. Otto Wagner, Verlag: Elmar Wolf<\/li>\n\n\n\n<li>Bis bald auf Wiederseh\u2019n \u2013 Wenzel Zittner, Bearb. Gerald Weinkopf, Mosch Musikverlag<\/li>\n<\/ul>\n\n\n\n<p class=\"has-text-align-center\"><strong>Instrumente:<\/strong><br>F\u00fcr die Ablage der Instrumente, Koffer, Notenst\u00e4nder etc. stehen Zelte zur Verf\u00fcgung.&nbsp;Bitte beachte, dass wir hierf\u00fcr keine Haftung \u00fcbernehmen k\u00f6nnen.<\/p>\n\n\n\n<p class=\"has-text-align-center\"><strong>Dresscode:<\/strong><br>Es gibt keinen festen Dresscode. Bunt, fr\u00f6hlich, kreativ ist ausdr\u00fccklich erw\u00fcnscht \ud83d\ude0a<\/p>\n\n\n\n<p class=\"has-text-align-center\"><strong>Parken und Anfahrt:<\/strong><br>Kostenlose Parkpl\u00e4tze sind vorhanden.<\/p>\n\n\n\n<p class=\"has-text-align-center\">Adresse: Jugendzeltplatz Eyller See, Buyxdyck 52, 47647 Kerken<\/p>\n\n\n\n<p class=\"has-text-align-center\">Die Anfahrt muss \u00fcber die Stra\u00dfe &#8222;Eyller See&#8220; erfolgen, da der Buyxdyck f\u00fcr diesen Tag zu einer Einbahnstra\u00dfe umfunktioniert wird. Hier eine Anfahrtsskizze:<\/p>\n\n\n<div class=\"wp-block-image\">\n<figure data-wp-context=\"{&quot;imageId&quot;:&quot;6a071d9901a18&quot;}\" data-wp-interactive=\"core\/image\" data-wp-key=\"6a071d9901a18\" class=\"aligncenter size-full wp-lightbox-container\"><img loading=\"lazy\" decoding=\"async\" width=\"604\" height=\"448\" data-wp-class--hide=\"state.isContentHidden\" data-wp-class--show=\"state.isContentVisible\" data-wp-init=\"callbacks.setButtonStyles\" data-wp-on--click=\"actions.showLightbox\" data-wp-on--load=\"callbacks.setButtonStyles\" data-wp-on-window--resize=\"callbacks.setButtonStyles\" src=\"https:\/\/mv-aldekerk.de\/wp-content\/uploads\/2026\/05\/image.jpeg\" alt=\"\" class=\"wp-image-109\" srcset=\"https:\/\/mv-aldekerk.de\/wp-content\/uploads\/2026\/05\/image.jpeg 604w, https:\/\/mv-aldekerk.de\/wp-content\/uploads\/2026\/05\/image-300x223.jpeg 300w\" sizes=\"auto, (max-width: 604px) 100vw, 604px\" \/><button\n\t\t\tclass=\"lightbox-trigger\"\n\t\t\ttype=\"button\"\n\t\t\taria-haspopup=\"dialog\"\n\t\t\taria-label=\"Vergr\u00f6\u00dfern\"\n\t\t\tdata-wp-init=\"callbacks.initTriggerButton\"\n\t\t\tdata-wp-on--click=\"actions.showLightbox\"\n\t\t\tdata-wp-style--right=\"state.imageButtonRight\"\n\t\t\tdata-wp-style--top=\"state.imageButtonTop\"\n\t\t>\n\t\t\t<svg xmlns=\"http:\/\/www.w3.org\/2000\/svg\" width=\"12\" height=\"12\" fill=\"none\" viewBox=\"0 0 12 12\">\n\t\t\t\t<path fill=\"#fff\" d=\"M2 0a2 2 0 0 0-2 2v2h1.5V2a.5.5 0 0 1 .5-.5h2V0H2Zm2 10.5H2a.5.5 0 0 1-.5-.5V8H0v2a2 2 0 0 0 2 2h2v-1.5ZM8 12v-1.5h2a.5.5 0 0 0 .5-.5V8H12v2a2 2 0 0 1-2 2H8Zm2-12a2 2 0 0 1 2 2v2h-1.5V2a.5.5 0 0 0-.5-.5H8V0h2Z\" \/>\n\t\t\t<\/svg>\n\t\t<\/button><\/figure>\n<\/div>\n\n\n<p class=\"has-text-align-center\"><strong>\u00dcbernachtung:<\/strong><br>F\u00fcr Wohnwagen oder Wohnmobile:<\/p>\n\n\n\n<p class=\"has-text-align-center\">Gegen\u00fcberliegend: Campingfreunde Kerken e.V.: Anmeldung unter <a href=\"http:\/\/www.campingfreunde-kerken.de\">www.campingfreunde-kerken.de<\/a> oder telefonisch unter 02833 \/ 5729804<\/p>\n\n\n\n<p class=\"has-text-align-center\">F\u00fcr \u00dcbernachtung im Gro\u00dfraumzelt oder Einzelzelt (muss mitgebracht werden):<\/p>\n\n\n\n<p class=\"has-text-align-center\">Jugendzeltplatz Eyller See: Infos unter <a href=\"http:\/\/www.jugendzeltplatz-eyll.de\">www.jugendzeltplatz-eyll.de<\/a><br>Anmeldung unter Info@Jugendzeltplatz-Eyll.de oder telefonisch unter 02833 \/ 79 19<\/p>\n\n\n\n<p class=\"has-text-align-center\">Wir freuen uns schon jetzt auf viele bekannte und neue Gesichter und einen gemeinsamen Tag mit ganz viel Musik!<\/p>\n\n\n\n<p class=\"has-text-align-center\"><strong>Bei Fragen meldet euch gerne unter <\/strong><a href=\"mailto:blasmusik-und-freunde@mv-aldekerk.de%20\"><strong>blasmusik-und-freunde@mv-aldekerk.de<\/strong><\/a><\/p>\n","protected":false},"excerpt":{"rendered":"<p>unser Jubil\u00e4umsfest am 05. September 2026 Komm einfach ab 13:00 Uhr zum Jugendzeltplatz Eyller See und genie\u00dfe mit uns einen entspannten Tag voller Blasmusik. Geplant ist, dass wir in 3 Bl\u00f6cken spielen, beginnend ab ca.15:00 Uhr. Die weiteren Zeiten werden&#8230; <a href=\"https:\/\/mv-aldekerk.de\/?page_id=108\" class=\"readmore\">Read more<span class=\"screen-reader-text\">von ABBA bis HUMPA<\/span><span class=\"fa fa-angle-double-right\" aria-hidden=\"true\"><\/span><\/a><\/p>\n","protected":false},"author":1,"featured_media":0,"parent":0,"menu_order":0,"comment_status":"closed","ping_status":"closed","template":"","meta":{"footnotes":""},"class_list":["post-108","page","type-page","status-publish","hentry"],"_links":{"self":[{"href":"https:\/\/mv-aldekerk.de\/index.php?rest_route=\/wp\/v2\/pages\/108","targetHints":{"allow":["GET"]}}],"collection":[{"href":"https:\/\/mv-aldekerk.de\/index.php?rest_route=\/wp\/v2\/pages"}],"about":[{"href":"https:\/\/mv-aldekerk.de\/index.php?rest_route=\/wp\/v2\/types\/page"}],"author":[{"embeddable":true,"href":"https:\/\/mv-aldekerk.de\/index.php?rest_route=\/wp\/v2\/users\/1"}],"replies":[{"embeddable":true,"href":"https:\/\/mv-aldekerk.de\/index.php?rest_route=%2Fwp%2Fv2%2Fcomments&post=108"}],"version-history":[{"count":5,"href":"https:\/\/mv-aldekerk.de\/index.php?rest_route=\/wp\/v2\/pages\/108\/revisions"}],"predecessor-version":[{"id":136,"href":"https:\/\/mv-aldekerk.de\/index.php?rest_route=\/wp\/v2\/pages\/108\/revisions\/136"}],"wp:attachment":[{"href":"https:\/\/mv-aldekerk.de\/index.php?rest_route=%2Fwp%2Fv2%2Fmedia&parent=108"}],"curies":[{"name":"wp","href":"https:\/\/api.w.org\/{rel}","templated":true}]}}