{"id":26,"date":"2022-10-20T09:35:05","date_gmt":"2022-10-20T09:35:05","guid":{"rendered":"https:\/\/mv-aldekerk.de\/?page_id=26"},"modified":"2025-06-04T04:44:36","modified_gmt":"2025-06-04T04:44:36","slug":"impressum","status":"publish","type":"page","link":"https:\/\/mv-aldekerk.de\/?page_id=26","title":{"rendered":"Impressum"},"content":{"rendered":"\n<h2 class=\"wp-block-heading\">Angaben gem\u00e4\u00df \u00a7 5 DDG<\/h2>\n\n\n\n<p>Musikverein Aldekerk 1896 e.V.<br>Ringstra\u00dfe 12a<br>47647 Kerken<\/p>\n\n\n\n<p>Vereinsregister: VR 30722<br>Registergericht: Amtsgericht Kleve<\/p>\n\n\n\n<p><strong>Vertreten durch:<\/strong><br>Hanna Pree (Vorsitzende)<br>Lena Nagel (stellv. Vorsitzende)<br>Miriam Baenen (Schriftf\u00fchrerin)<br>Christoph Bossmanns (Kassierer)<br>Marcel Michelkens (Gesch\u00e4ftsf\u00fchrer)<\/p>\n\n\n\n<h2 class=\"wp-block-heading\">Kontakt<\/h2>\n\n\n\n<p>Telefon: &#8211;<br>E-Mail: vorstand@mv-aldekerk.de<\/p>\n\n\n\n<h2 class=\"wp-block-heading\">Verbraucher\u00adstreit\u00adbeilegung\/Universal\u00adschlichtungs\u00adstelle<\/h2>\n\n\n\n<p>Wir sind nicht bereit oder verpflichtet, an Streitbeilegungsverfahren vor einer Verbraucherschlichtungsstelle teilzunehmen.<\/p>\n\n\n\n<p>Quelle: <a href=\"https:\/\/www.e-recht24.de\">eRecht24<\/a><\/p>\n","protected":false},"excerpt":{"rendered":"<p>Angaben gem\u00e4\u00df \u00a7 5 DDG Musikverein Aldekerk 1896 e.V.Ringstra\u00dfe 12a47647 Kerken Vereinsregister: VR 30722Registergericht: Amtsgericht Kleve Vertreten durch:Hanna Pree (Vorsitzende)Lena Nagel (stellv. Vorsitzende)Miriam Baenen (Schriftf\u00fchrerin)Christoph Bossmanns (Kassierer)Marcel Michelkens (Gesch\u00e4ftsf\u00fchrer) Kontakt Telefon: &#8211;E-Mail: vorstand@mv-aldekerk.de Verbraucher\u00adstreit\u00adbeilegung\/Universal\u00adschlichtungs\u00adstelle Wir sind nicht bereit oder verpflichtet,&#8230; <a href=\"https:\/\/mv-aldekerk.de\/?page_id=26\" class=\"readmore\">Read more<span class=\"screen-reader-text\">Impressum<\/span><span class=\"fa fa-angle-double-right\" aria-hidden=\"true\"><\/span><\/a><\/p>\n","protected":false},"author":1,"featured_media":0,"parent":2,"menu_order":1,"comment_status":"closed","ping_status":"closed","template":"template\/full-width.php","meta":{"footnotes":""},"class_list":["post-26","page","type-page","status-publish","hentry"],"_links":{"self":[{"href":"https:\/\/mv-aldekerk.de\/index.php?rest_route=\/wp\/v2\/pages\/26","targetHints":{"allow":["GET"]}}],"collection":[{"href":"https:\/\/mv-aldekerk.de\/index.php?rest_route=\/wp\/v2\/pages"}],"about":[{"href":"https:\/\/mv-aldekerk.de\/index.php?rest_route=\/wp\/v2\/types\/page"}],"author":[{"embeddable":true,"href":"https:\/\/mv-aldekerk.de\/index.php?rest_route=\/wp\/v2\/users\/1"}],"replies":[{"embeddable":true,"href":"https:\/\/mv-aldekerk.de\/index.php?rest_route=%2Fwp%2Fv2%2Fcomments&post=26"}],"version-history":[{"count":4,"href":"https:\/\/mv-aldekerk.de\/index.php?rest_route=\/wp\/v2\/pages\/26\/revisions"}],"predecessor-version":[{"id":87,"href":"https:\/\/mv-aldekerk.de\/index.php?rest_route=\/wp\/v2\/pages\/26\/revisions\/87"}],"up":[{"embeddable":true,"href":"https:\/\/mv-aldekerk.de\/index.php?rest_route=\/wp\/v2\/pages\/2"}],"wp:attachment":[{"href":"https:\/\/mv-aldekerk.de\/index.php?rest_route=%2Fwp%2Fv2%2Fmedia&parent=26"}],"curies":[{"name":"wp","href":"https:\/\/api.w.org\/{rel}","templated":true}]}}