{"id":55,"date":"2024-02-10T22:47:49","date_gmt":"2024-02-10T22:47:49","guid":{"rendered":"https:\/\/mv-aldekerk.de\/?page_id=55"},"modified":"2024-02-10T22:48:54","modified_gmt":"2024-02-10T22:48:54","slug":"identifikatation","status":"publish","type":"page","link":"https:\/\/mv-aldekerk.de\/?page_id=55","title":{"rendered":"VereinsKacheln"},"content":{"rendered":"\n<h1 class=\"wp-block-heading has-text-color has-link-color wp-elements-5f85f031c227b094a3da6299d0566c5b\" style=\"color:#6f1225\">VereinsLiebe<\/h1>\n\n\n\n<figure class=\"wp-block-image\"><img loading=\"lazy\" decoding=\"async\" width=\"1077\" height=\"1077\" src=\"https:\/\/mv-aldekerk.de\/wp-content\/uploads\/2024\/02\/rot.jpg\" alt=\"\" class=\"wp-image-62\" srcset=\"https:\/\/mv-aldekerk.de\/wp-content\/uploads\/2024\/02\/rot.jpg 1077w, https:\/\/mv-aldekerk.de\/wp-content\/uploads\/2024\/02\/rot-300x300.jpg 300w, https:\/\/mv-aldekerk.de\/wp-content\/uploads\/2024\/02\/rot-1024x1024.jpg 1024w, https:\/\/mv-aldekerk.de\/wp-content\/uploads\/2024\/02\/rot-150x150.jpg 150w, https:\/\/mv-aldekerk.de\/wp-content\/uploads\/2024\/02\/rot-768x768.jpg 768w\" sizes=\"auto, (max-width: 1077px) 100vw, 1077px\" \/><\/figure>\n\n\n\n<p><strong>Bedeutung der Kachel:<\/strong><br>Diese Kachel steht f\u00fcr die Liebe zur Musik, die jedes Vereinsmitglied mit in den Verein<br>hineinbringt. Ohne diese Liebe w\u00e4re das gemeinsame Musizieren nicht m\u00f6glich. Es steht<br>ebenfalls f\u00fcr das Herzblut das jeder f\u00fcr die Musik, aber auch das Vereinsleben gibt.<br>Auch die Musik stellt eine Sprache der Liebe da und die Noten sind ihre Schrift.<\/p>\n\n\n\n<h1 class=\"wp-block-heading has-text-color has-link-color wp-elements-50a6fbeef5227266a5cf8c0490656123\" style=\"color:#6f1225\">VereinsMusik<\/h1>\n\n\n\n<figure class=\"wp-block-image size-large\"><img loading=\"lazy\" decoding=\"async\" width=\"1024\" height=\"1024\" src=\"https:\/\/mv-aldekerk.de\/wp-content\/uploads\/2024\/02\/grau-1024x1024.jpg\" alt=\"\" class=\"wp-image-61\" srcset=\"https:\/\/mv-aldekerk.de\/wp-content\/uploads\/2024\/02\/grau-1024x1024.jpg 1024w, https:\/\/mv-aldekerk.de\/wp-content\/uploads\/2024\/02\/grau-300x300.jpg 300w, https:\/\/mv-aldekerk.de\/wp-content\/uploads\/2024\/02\/grau-150x150.jpg 150w, https:\/\/mv-aldekerk.de\/wp-content\/uploads\/2024\/02\/grau-768x768.jpg 768w, https:\/\/mv-aldekerk.de\/wp-content\/uploads\/2024\/02\/grau.jpg 1090w\" sizes=\"auto, (max-width: 1024px) 100vw, 1024px\" \/><\/figure>\n\n\n\n<p><strong>Bedeutung der Kachel:<\/strong><br>Diese Kachel steht f\u00fcr das bunte und breite Spektrum an Auftritten die der Musikverein Aldekerk 1896 e.V. bestreitet. Und zeigt damit sehr gut, wie abwechslungsreich und vielf\u00e4ltig das Vereinsleben und die Musik, die wir machen, ist.<\/p>\n\n\n\n<h1 class=\"wp-block-heading has-text-color has-link-color wp-elements-a66df960606c32eafb0cc44e6ce569d2\" style=\"color:#6f1225\">VereinsGemeinschaft<\/h1>\n\n\n\n<figure class=\"wp-block-image size-large\"><img loading=\"lazy\" decoding=\"async\" width=\"1024\" height=\"1024\" src=\"https:\/\/mv-aldekerk.de\/wp-content\/uploads\/2024\/02\/gruen-1024x1024.jpg\" alt=\"\" class=\"wp-image-60\" srcset=\"https:\/\/mv-aldekerk.de\/wp-content\/uploads\/2024\/02\/gruen-1024x1024.jpg 1024w, https:\/\/mv-aldekerk.de\/wp-content\/uploads\/2024\/02\/gruen-300x300.jpg 300w, https:\/\/mv-aldekerk.de\/wp-content\/uploads\/2024\/02\/gruen-150x150.jpg 150w, https:\/\/mv-aldekerk.de\/wp-content\/uploads\/2024\/02\/gruen-768x768.jpg 768w, https:\/\/mv-aldekerk.de\/wp-content\/uploads\/2024\/02\/gruen.jpg 1066w\" sizes=\"auto, (max-width: 1024px) 100vw, 1024px\" \/><\/figure>\n\n\n\n<p><strong>Bedeutung der Kachel:<\/strong><br>Diese Kachel steht f\u00fcr einen Aspekt im Vereinslebens des Musikvereins Aldekerk 1896 e.V., der von jedem einzelnen immer wieder besonders hervorgehoben wird: Die Geselligkeit der Gruppe. Der Verein besteht aus Mitglieder jeden Alters und dennoch kommen alle miteinander aus. Jung und Alt unternehmen auch abseits der Musik etwas zusammen und bilden damit eine unglaublich dynamische Gruppe die mit ihrem j\u00e4hrlichen Vereinsausflug, der Weihnachtsfeier und spontanen Unternehmungen dieses besondere Miteinander stetig f\u00f6rdert.<\/p>\n\n\n\n<h1 class=\"wp-block-heading has-text-color has-link-color wp-elements-6dda6bfbb549276f0af5d217b03778ee\" style=\"color:#6f1225\">VereinsVielfalt<\/h1>\n\n\n\n<figure class=\"wp-block-image size-large\"><img loading=\"lazy\" decoding=\"async\" width=\"1024\" height=\"1024\" src=\"https:\/\/mv-aldekerk.de\/wp-content\/uploads\/2024\/02\/Lila-1024x1024.jpg\" alt=\"\" class=\"wp-image-63\" srcset=\"https:\/\/mv-aldekerk.de\/wp-content\/uploads\/2024\/02\/Lila-1024x1024.jpg 1024w, https:\/\/mv-aldekerk.de\/wp-content\/uploads\/2024\/02\/Lila-300x300.jpg 300w, https:\/\/mv-aldekerk.de\/wp-content\/uploads\/2024\/02\/Lila-150x150.jpg 150w, https:\/\/mv-aldekerk.de\/wp-content\/uploads\/2024\/02\/Lila-768x768.jpg 768w, https:\/\/mv-aldekerk.de\/wp-content\/uploads\/2024\/02\/Lila.jpg 1074w\" sizes=\"auto, (max-width: 1024px) 100vw, 1024px\" \/><\/figure>\n\n\n\n<p><strong>Bedeutung der Kachel:<\/strong><br>Die Kachel steht f\u00fcr das Haupt-Werkzeug des Vereins \u2013 seine Musikinstrumente. Die Musik des Musikvereins Aldekerk 1896 e.V. kann nur funktionieren, wenn verschiedene Instrumente zusammenkommen. Diese Vielfalt an Instrumenten ist notwendig um ein vollendetes Klangbild zu ergeben. Exemplarisch wurden hier ein Blechblass- und ein<br>Holzblassinstrument ausgew\u00e4hlt und nat\u00fcrlich der Notenst\u00e4nder als st\u00e4ndiger Begleiter eines jeden Musikers. Die Musik, wie hier als Handwerk zu betrachtet, zeigt eine ganz wichtige Seite des Musizierens und insbesondere des Vereinslebens, n\u00e4mlich das gemeinsame \u00dcben und Proben immer neuer, aber auch alter Musikst\u00fccke. Und wie in jedem Handwerk gilt auch hier, dass man nie auslernt.<\/p>\n\n\n\n<ul class=\"wp-block-list\">\n<li><\/li>\n<\/ul>\n","protected":false},"excerpt":{"rendered":"<p>VereinsLiebe Bedeutung der Kachel:Diese Kachel steht f\u00fcr die Liebe zur Musik, die jedes Vereinsmitglied mit in den Vereinhineinbringt. Ohne diese Liebe w\u00e4re das gemeinsame Musizieren nicht m\u00f6glich. Es stehtebenfalls f\u00fcr das Herzblut das jeder f\u00fcr die Musik, aber auch das&#8230; <a href=\"https:\/\/mv-aldekerk.de\/?page_id=55\" class=\"readmore\">Read more<span class=\"screen-reader-text\">VereinsKacheln<\/span><span class=\"fa fa-angle-double-right\" aria-hidden=\"true\"><\/span><\/a><\/p>\n","protected":false},"author":1,"featured_media":0,"parent":0,"menu_order":0,"comment_status":"closed","ping_status":"closed","template":"","meta":{"footnotes":""},"class_list":["post-55","page","type-page","status-publish","hentry"],"_links":{"self":[{"href":"https:\/\/mv-aldekerk.de\/index.php?rest_route=\/wp\/v2\/pages\/55","targetHints":{"allow":["GET"]}}],"collection":[{"href":"https:\/\/mv-aldekerk.de\/index.php?rest_route=\/wp\/v2\/pages"}],"about":[{"href":"https:\/\/mv-aldekerk.de\/index.php?rest_route=\/wp\/v2\/types\/page"}],"author":[{"embeddable":true,"href":"https:\/\/mv-aldekerk.de\/index.php?rest_route=\/wp\/v2\/users\/1"}],"replies":[{"embeddable":true,"href":"https:\/\/mv-aldekerk.de\/index.php?rest_route=%2Fwp%2Fv2%2Fcomments&post=55"}],"version-history":[{"count":2,"href":"https:\/\/mv-aldekerk.de\/index.php?rest_route=\/wp\/v2\/pages\/55\/revisions"}],"predecessor-version":[{"id":65,"href":"https:\/\/mv-aldekerk.de\/index.php?rest_route=\/wp\/v2\/pages\/55\/revisions\/65"}],"wp:attachment":[{"href":"https:\/\/mv-aldekerk.de\/index.php?rest_route=%2Fwp%2Fv2%2Fmedia&parent=55"}],"curies":[{"name":"wp","href":"https:\/\/api.w.org\/{rel}","templated":true}]}}